{"id":833,"date":"2019-09-22T20:14:49","date_gmt":"2019-09-22T20:14:49","guid":{"rendered":"http:\/\/timex.com.tr\/?post_type=product&#038;p=833"},"modified":"2020-06-12T13:43:18","modified_gmt":"2020-06-12T13:43:18","slug":"yag-siyirici","status":"publish","type":"product","link":"https:\/\/timex.com.tr\/tr\/product\/yag-siyirici\/","title":{"rendered":"Ya\u011f S\u0131y\u0131r\u0131c\u0131"},"content":{"rendered":"","protected":false},"excerpt":{"rendered":"","protected":false},"featured_media":834,"template":"","meta":{"om_disable_all_campaigns":false,"_monsterinsights_skip_tracking":false,"_monsterinsights_sitenote_active":false,"_monsterinsights_sitenote_note":"","_monsterinsights_sitenote_category":0,"footnotes":""},"categories":[],"tags":[26,39],"class_list":["post-833","product","type-product","status-publish","has-post-thumbnail","hentry","tag-petrol-gaz-endustrisi-tr","tag-endustriyel-tr"],"aioseo_notices":[],"_links":{"self":[{"href":"https:\/\/timex.com.tr\/tr\/wp-json\/wp\/v2\/product\/833\/"}],"collection":[{"href":"https:\/\/timex.com.tr\/tr\/wp-json\/wp\/v2\/product\/"}],"about":[{"href":"https:\/\/timex.com.tr\/tr\/wp-json\/wp\/v2\/types\/product\/"}],"version-history":[{"count":0,"href":"https:\/\/timex.com.tr\/tr\/wp-json\/wp\/v2\/product\/833\/revisions\/"}],"wp:featuredmedia":[{"embeddable":true,"href":"https:\/\/timex.com.tr\/tr\/wp-json\/wp\/v2\/media\/834\/"}],"wp:attachment":[{"href":"https:\/\/timex.com.tr\/tr\/wp-json\/wp\/v2\/media\/?parent=833"}],"wp:term":[{"taxonomy":"category","embeddable":true,"href":"https:\/\/timex.com.tr\/tr\/wp-json\/wp\/v2\/categories\/?post=833"},{"taxonomy":"post_tag","embeddable":true,"href":"https:\/\/timex.com.tr\/tr\/wp-json\/wp\/v2\/tags\/?post=833"}],"curies":[{"name":"wp","href":"https:\/\/api.w.org\/{rel}","templated":true}]}}