{"id":572,"date":"2019-07-21T13:56:50","date_gmt":"2019-07-21T13:56:50","guid":{"rendered":"http:\/\/timex.com.tr\/?page_id=572"},"modified":"2020-06-12T10:02:22","modified_gmt":"2020-06-12T10:02:22","slug":"cozumler","status":"publish","type":"page","link":"https:\/\/timex.com.tr\/tr\/cozumler\/","title":{"rendered":"\u00c7\u00f6z\u00fcmler"},"content":{"rendered":"","protected":false},"excerpt":{"rendered":"","protected":false},"author":1,"featured_media":0,"parent":0,"menu_order":0,"comment_status":"closed","ping_status":"closed","template":"solutions-page-temp.php","meta":{"om_disable_all_campaigns":false,"_monsterinsights_skip_tracking":false,"_monsterinsights_sitenote_active":false,"_monsterinsights_sitenote_note":"","_monsterinsights_sitenote_category":0,"footnotes":""},"class_list":["post-572","page","type-page","status-publish","hentry"],"aioseo_notices":[],"_links":{"self":[{"href":"https:\/\/timex.com.tr\/tr\/wp-json\/wp\/v2\/pages\/572\/"}],"collection":[{"href":"https:\/\/timex.com.tr\/tr\/wp-json\/wp\/v2\/pages\/"}],"about":[{"href":"https:\/\/timex.com.tr\/tr\/wp-json\/wp\/v2\/types\/page\/"}],"author":[{"embeddable":true,"href":"https:\/\/timex.com.tr\/tr\/wp-json\/wp\/v2\/users\/1\/"}],"replies":[{"embeddable":true,"href":"https:\/\/timex.com.tr\/tr\/wp-json\/wp\/v2\/comments\/?post=572"}],"version-history":[{"count":0,"href":"https:\/\/timex.com.tr\/tr\/wp-json\/wp\/v2\/pages\/572\/revisions\/"}],"wp:attachment":[{"href":"https:\/\/timex.com.tr\/tr\/wp-json\/wp\/v2\/media\/?parent=572"}],"curies":[{"name":"wp","href":"https:\/\/api.w.org\/{rel}","templated":true}]}}